{"id":10,"date":"2020-03-23T21:31:55","date_gmt":"2020-03-23T20:31:55","guid":{"rendered":"http:\/\/185.164.4.217\/index.php\/impressum\/"},"modified":"2020-03-24T12:12:15","modified_gmt":"2020-03-24T11:12:15","slug":"impressum","status":"publish","type":"page","link":"https:\/\/xs.rauhwelt.at\/?page_id=10","title":{"rendered":"Impressum"},"content":{"rendered":"<p><span data-mce-mark=\"1\">Unternehmen, Medieninhaber und Redaktion:<\/span><\/p>\n<p>&nbsp;<\/p>\n<p>F\u00fcllborn Event &amp; Media GmbH<br \/>\nCosch\u00fctzer Str. 78<br \/>\n01705 Freital<\/p>\n<p>&nbsp;<\/p>\n<p><span data-mce-mark=\"1\">Grundlegende Richtung der Website:<br \/>\n<\/span><span data-mce-mark=\"1\">Diese Website bietet hier Produkte und Leistungen der F\u00fcllborn Event &amp; Media GmbH.<\/span><\/p>\n<p>&nbsp;<\/p>\n<p><span data-mce-mark=\"1\">Im Hinblick auf die technischen Eigenschaften des Internet kann keine Gew\u00e4hr f\u00fcr die Authentizit\u00e4t, Richtigkeit und Vollst\u00e4ndigkeit der im Internet zur Verf\u00fcgung gestellten Informationen \u00fcbernommen werden. Es wird auch keine Gew\u00e4hr f\u00fcr die Verf\u00fcgbarkeit oder den Betrieb der gegenst\u00e4ndlichen Webseite und ihrer Inhalte \u00fcbernommen.<\/span><\/p>\n<p>&nbsp;<\/p>\n<p><span data-mce-mark=\"1\">Jede Haftung f\u00fcr unmittelbare, mittelbare oder sonstige Sch\u00e4den, unabh\u00e4ngig von deren Ursachen, die aus der Benutzung oder Nichtverf\u00fcgbarkeit der Daten und Informationen dieser Webseite erwachsen, wird, soweit rechtlich zul\u00e4ssig, ausgeschlossen.<\/span><\/p>\n<p>&nbsp;<\/p>\n<p><span data-mce-mark=\"1\">Der Inhalt dieser Webseite ist urheberrechtlich gesch\u00fctzt. Die Informationen sind nur f\u00fcr die pers\u00f6nliche Verwendung bestimmt. Jede weitergehende Nutzung insbesondere die Speicherung in Datenbanken, Vervielf\u00e4ltigung und jede Form von gewerblicher Nutzung sowie die Weitergabe an Dritte \u2013 auch in Teilen oder in \u00fcberarbeiteter Form \u2013 ist untersagt.<\/span><\/p>\n<p>&nbsp;<\/p>\n<p><span data-mce-mark=\"1\">Weiterf\u00fchrend verweisen wir auf die Datenschutzbelehrungen. Alle Informationen zu den von uns verarbeitenden Daten finden Sie in diesem Abschnitt.<\/span><\/p>\n<p>&nbsp;<\/p>\n<div class=\"woocommerce woocommerce-gzd woocommerce-gzd-complaints-shortcode\">\n    <h3>Alternative Streitbeilegung gem\u00e4\u00df Art. 14 Abs. 1 ODR-VO und \u00a7 36 VSBG:<\/h3>\n\n<p>Die Europ\u00e4ische Kommission stellt eine Plattform zur Online-Streitbeilegung (OS) bereit, die du unter <a href=\"https:\/\/ec.europa.eu\/consumers\/odr\" target=\"_blank\">https:\/\/ec.europa.eu\/consumers\/odr<\/a> findest. Zur Teilnahme an einem Streitbeilegungsverfahren vor einer Verbraucherschlichtungsstelle sind wir nicht verpflichtet und nicht bereit.<\/p>\n<\/div>\n","protected":false},"excerpt":{"rendered":"<p>Unternehmen, Medieninhaber und Redaktion: &nbsp; F\u00fcllborn Event &amp; Media GmbH Cosch\u00fctzer Str. 78 01705 Freital &nbsp; Grundlegende Richtung der Website: Diese Website bietet hier Produkte und Leistungen der F\u00fcllborn Event &amp; Media GmbH. &nbsp; Im Hinblick auf die technischen Eigenschaften des Internet kann keine Gew\u00e4hr f\u00fcr die Authentizit\u00e4t, Richtigkeit und Vollst\u00e4ndigkeit der im Internet zur&hellip;<\/p>\n","protected":false},"author":1,"featured_media":0,"parent":0,"menu_order":0,"comment_status":"closed","ping_status":"closed","template":"","meta":{"spay_email":""},"_links":{"self":[{"href":"https:\/\/xs.rauhwelt.at\/index.php?rest_route=\/wp\/v2\/pages\/10"}],"collection":[{"href":"https:\/\/xs.rauhwelt.at\/index.php?rest_route=\/wp\/v2\/pages"}],"about":[{"href":"https:\/\/xs.rauhwelt.at\/index.php?rest_route=\/wp\/v2\/types\/page"}],"author":[{"embeddable":true,"href":"https:\/\/xs.rauhwelt.at\/index.php?rest_route=\/wp\/v2\/users\/1"}],"replies":[{"embeddable":true,"href":"https:\/\/xs.rauhwelt.at\/index.php?rest_route=%2Fwp%2Fv2%2Fcomments&post=10"}],"version-history":[{"count":4,"href":"https:\/\/xs.rauhwelt.at\/index.php?rest_route=\/wp\/v2\/pages\/10\/revisions"}],"predecessor-version":[{"id":58,"href":"https:\/\/xs.rauhwelt.at\/index.php?rest_route=\/wp\/v2\/pages\/10\/revisions\/58"}],"wp:attachment":[{"href":"https:\/\/xs.rauhwelt.at\/index.php?rest_route=%2Fwp%2Fv2%2Fmedia&parent=10"}],"curies":[{"name":"wp","href":"https:\/\/api.w.org\/{rel}","templated":true}]}}